{"id":2,"date":"2016-05-10T03:48:21","date_gmt":"2016-05-10T03:48:21","guid":{"rendered":"http:\/\/rottofimatica.es\/?page_id=2"},"modified":"2021-03-20T08:21:56","modified_gmt":"2021-03-20T08:21:56","slug":"sample-page","status":"publish","type":"page","link":"https:\/\/rottofimatica.es\/?page_id=2","title":{"rendered":"Inicio"},"content":{"rendered":"<p>[et_pb_section bb_built=\u00bb1&#8243; _builder_version=\u00bb3.0.47&#8243;][et_pb_row _builder_version=\u00bb3.0.47&#8243; background_size=\u00bbinitial\u00bb background_position=\u00bbtop_left\u00bb background_repeat=\u00bbrepeat\u00bb][et_pb_column type=\u00bb1_2&#8243;][et_pb_blurb admin_label=\u00bbBlurb\u00bb title=\u00bbServicio T\u00e9cnico Inform\u00e1tico\u00bb icon_color=\u00bb#2ea3f2&#8243; image=\u00bbhttps:\/\/rottofimatica.es\/wp-content\/uploads\/2018\/01\/ServicioInformatico.jpg\u00bb _builder_version=\u00bb3.0.85&#8243; background_size=\u00bbinitial\u00bb background_position=\u00bbtop_left\u00bb background_repeat=\u00bbrepeat\u00bb text_orientation=\u00bbcenter\u00bb]<\/p>\n<p>Servicio presencial y remoto, para la reparaci\u00f3n de ordenadores y port\u00e1tiles, mantenimiento de empresas, redes, backups, consultor\u00eda.<\/p>\n<p>[\/et_pb_blurb][et_pb_blurb admin_label=\u00bbBlurb\u00bb title=\u00bbEspecialistas en TPV hosteler\u00eda\u00bb icon_color=\u00bb#2ea3f2&#8243; image=\u00bbhttps:\/\/rottofimatica.es\/wp-content\/uploads\/2018\/01\/maitre.jpg\u00bb _builder_version=\u00bb3.0.85&#8243; background_size=\u00bbinitial\u00bb background_position=\u00bbtop_left\u00bb background_repeat=\u00bbrepeat\u00bb text_orientation=\u00bbcenter\u00bb]<\/p>\n<p>Somos distribuidores de Ma\u00eetre, uno de los mejores software de gesti\u00f3n para restaurantes y comercios. Unido a nuestra experiencia, mejoramos la gesti\u00f3n, eficiencia y rendimiento de todo tipo de negocios.<\/p>\n<p>[\/et_pb_blurb][\/et_pb_column][et_pb_column type=\u00bb1_2&#8243;][et_pb_blurb admin_label=\u00bbBlurb\u00bb title=\u00bbTienda de Inform\u00e1tica en Loja\u00bb icon_color=\u00bb#2ea3f2&#8243; image=\u00bbhttps:\/\/rottofimatica.es\/wp-content\/uploads\/2018\/01\/computer-store-logo2.png\u00bb _builder_version=\u00bb3.0.85&#8243; background_size=\u00bbinitial\u00bb background_position=\u00bbtop_left\u00bb background_repeat=\u00bbrepeat\u00bb text_orientation=\u00bbcenter\u00bb]<\/p>\n<p>Somos tu tienda Computer Store en Loja. Ofrecemos a nuestros clientes gran variedad de productos, de calidad y al mejor precio.<\/p>\n<p>[\/et_pb_blurb][et_pb_blurb admin_label=\u00bbBlurb\u00bb title=\u00bbProyectos de Internet\u00bb icon_color=\u00bb#2ea3f2&#8243; image=\u00bbhttps:\/\/rottofimatica.es\/wp-content\/uploads\/2018\/01\/internet.jpg\u00bb _builder_version=\u00bb3.0.85&#8243; background_size=\u00bbinitial\u00bb background_position=\u00bbtop_left\u00bb background_repeat=\u00bbrepeat\u00bb text_orientation=\u00bbcenter\u00bb]<\/p>\n<p>Dise\u00f1o web y mantenimiento de p\u00e1ginas corporativas, tiendas online, dominios, hosting, e-mail, posicionamiento y asesoramiento.<br \/>\nServidores en Espa\u00f1a que garantizan un mejor servicio para nuestros clientes.<\/p>\n<p>[\/et_pb_blurb][\/et_pb_column][\/et_pb_row][\/et_pb_section][et_pb_section bb_built=\u00bb1&#8243; fullwidth=\u00bboff\u00bb specialty=\u00bboff\u00bb][et_pb_row][et_pb_column type=\u00bb4_4&#8243;][\/et_pb_column][\/et_pb_row][\/et_pb_section][et_pb_section bb_built=\u00bb1&#8243; _builder_version=\u00bb3.0.47&#8243;][et_pb_row _builder_version=\u00bb3.0.47&#8243; background_size=\u00bbinitial\u00bb background_position=\u00bbtop_left\u00bb background_repeat=\u00bbrepeat\u00bb][et_pb_column type=\u00bb4_4&#8243;][et_pb_contact_form admin_label=\u00bbContact Form\u00bb captcha=\u00bboff\u00bb title=\u00bbContacte con nosotros\u00bb _builder_version=\u00bb3.0.47&#8243; module_id=\u00bbet_pb_contact_form_0&#8243;]<\/p>\n<p>[et_pb_contact_field field_id=\u00bbName\u00bb field_title=\u00bbNombre\u00bb _builder_version=\u00bb3.0.47&#8243;][\/et_pb_contact_field][et_pb_contact_field field_id=\u00bbEmail\u00bb field_title=\u00bbDirecci\u00f3n de correo electr\u00f3nico\u00bb field_type=\u00bbemail\u00bb _builder_version=\u00bb3.0.47&#8243;][\/et_pb_contact_field][et_pb_contact_field field_id=\u00bbMessage\u00bb field_title=\u00bbMensaje\u00bb field_type=\u00bbtext\u00bb fullwidth_field=\u00bbon\u00bb _builder_version=\u00bb3.0.47&#8243;][\/et_pb_contact_field]<\/p>\n<p>[\/et_pb_contact_form][\/et_pb_column][\/et_pb_row][\/et_pb_section][et_pb_section bb_built=\u00bb1&#8243; fullwidth=\u00bboff\u00bb specialty=\u00bboff\u00bb][et_pb_row][et_pb_column type=\u00bb1_3&#8243;][et_pb_text _builder_version=\u00bb3.0.85&#8243; background_layout=\u00bblight\u00bb]<\/p>\n<div class=\"title\">\n<h3 style=\"text-align: center;\">\u00bfTiene dudas? Contacte con nosotros<\/h3>\n<h2 style=\"text-align: center;\"><strong><span id=\"et-info-phone\">958325369<\/span><span id=\"et-info-email\"><\/span><\/strong><\/h2>\n<\/div>\n<p>[\/et_pb_text][\/et_pb_column][et_pb_column type=\u00bb1_3&#8243;][et_pb_text _builder_version=\u00bb3.0.85&#8243; background_layout=\u00bblight\u00bb]<\/p>\n<div class=\"title\">\n<h3>Datos de contacto<\/h3>\n<\/div>\n<ul>\n<li><span class=\"strong\">Direcci\u00f3n: <\/span> Av. Los \u00c1ngeles, 6, 18300, Loja, Granada.<\/li>\n<li><span class=\"strong\">Tel\u00e9fono: <\/span> 958 32 53 69<\/li>\n<li>Correo electr\u00f3nico<span class=\"strong\">: rott<\/span>@rottofimatica.es<\/li>\n<\/ul>\n<p>&nbsp;<\/p>\n<p>[\/et_pb_text][\/et_pb_column][et_pb_column type=\u00bb1_3&#8243;][et_pb_text _builder_version=\u00bb3.0.85&#8243; background_layout=\u00bblight\u00bb]<\/p>\n<div class=\"title\">\n<h3>Informaci\u00f3n Legal<\/h3>\n<ul>\n<li class=\"page_item page-item-2278\"><a title=\"Aviso legal\" href=\"https:\/\/www.rottofimatica.es\/#\">Aviso legal<\/a><\/li>\n<li class=\"page_item page-item-2281\"><a title=\"M\u00e1s informaci\u00f3n sobre las cookies\" href=\"https:\/\/rottofimatica.es\/?page_id=41\">M\u00e1s informaci\u00f3n sobre las cookies<\/a><\/li>\n<li class=\"page_item page-item-2282\"><a title=\"Pol\u00edtica de cookies\" href=\"https:\/\/rottofimatica.es\/?page_id=42\">Pol\u00edtica de cookies<\/a><\/li>\n<\/ul>\n<\/div>\n<p>&nbsp;<\/p>\n<p>[\/et_pb_text][\/et_pb_column][\/et_pb_row][\/et_pb_section]<\/p>\n","protected":false},"excerpt":{"rendered":"<p>[et_pb_section bb_built=\u00bb1&#8243; _builder_version=\u00bb3.0.47&#8243;][et_pb_row _builder_version=\u00bb3.0.47&#8243; background_size=\u00bbinitial\u00bb background_position=\u00bbtop_left\u00bb background_repeat=\u00bbrepeat\u00bb][et_pb_column type=\u00bb1_2&#8243;][et_pb_blurb admin_label=\u00bbBlurb\u00bb title=\u00bbServicio T\u00e9cnico Inform\u00e1tico\u00bb icon_color=\u00bb#2ea3f2&#8243; image=\u00bbhttps:\/\/rottofimatica.es\/wp-content\/uploads\/2018\/01\/ServicioInformatico.jpg\u00bb _builder_version=\u00bb3.0.85&#8243; background_size=\u00bbinitial\u00bb background_position=\u00bbtop_left\u00bb background_repeat=\u00bbrepeat\u00bb text_orientation=\u00bbcenter\u00bb] Servicio presencial y remoto, para la reparaci\u00f3n de ordenadores y port\u00e1tiles, mantenimiento de empresas, redes, backups, consultor\u00eda. [\/et_pb_blurb][et_pb_blurb admin_label=\u00bbBlurb\u00bb title=\u00bbEspecialistas en TPV hosteler\u00eda\u00bb icon_color=\u00bb#2ea3f2&#8243; image=\u00bbhttps:\/\/rottofimatica.es\/wp-content\/uploads\/2018\/01\/maitre.jpg\u00bb _builder_version=\u00bb3.0.85&#8243; background_size=\u00bbinitial\u00bb background_position=\u00bbtop_left\u00bb background_repeat=\u00bbrepeat\u00bb text_orientation=\u00bbcenter\u00bb] Somos distribuidores de Ma\u00eetre, uno de&hellip;&nbsp;<a href=\"https:\/\/rottofimatica.es\/?page_id=2\" rel=\"bookmark\">Leer m\u00e1s &raquo;<span class=\"screen-reader-text\">Inicio<\/span><\/a><\/p>\n","protected":false},"author":1,"featured_media":0,"parent":0,"menu_order":0,"comment_status":"closed","ping_status":"closed","template":"","meta":{"neve_meta_sidebar":"","neve_meta_container":"","neve_meta_enable_content_width":"","neve_meta_content_width":0,"neve_meta_title_alignment":"","neve_meta_author_avatar":"","neve_post_elements_order":"","neve_meta_disable_header":"","neve_meta_disable_footer":"","neve_meta_disable_title":"","footnotes":""},"class_list":["post-2","page","type-page","status-publish","hentry"],"_links":{"self":[{"href":"https:\/\/rottofimatica.es\/index.php?rest_route=\/wp\/v2\/pages\/2","targetHints":{"allow":["GET"]}}],"collection":[{"href":"https:\/\/rottofimatica.es\/index.php?rest_route=\/wp\/v2\/pages"}],"about":[{"href":"https:\/\/rottofimatica.es\/index.php?rest_route=\/wp\/v2\/types\/page"}],"author":[{"embeddable":true,"href":"https:\/\/rottofimatica.es\/index.php?rest_route=\/wp\/v2\/users\/1"}],"replies":[{"embeddable":true,"href":"https:\/\/rottofimatica.es\/index.php?rest_route=%2Fwp%2Fv2%2Fcomments&post=2"}],"version-history":[{"count":5,"href":"https:\/\/rottofimatica.es\/index.php?rest_route=\/wp\/v2\/pages\/2\/revisions"}],"predecessor-version":[{"id":52,"href":"https:\/\/rottofimatica.es\/index.php?rest_route=\/wp\/v2\/pages\/2\/revisions\/52"}],"wp:attachment":[{"href":"https:\/\/rottofimatica.es\/index.php?rest_route=%2Fwp%2Fv2%2Fmedia&parent=2"}],"curies":[{"name":"wp","href":"https:\/\/api.w.org\/{rel}","templated":true}]}}